{"id":1238,"date":"2018-12-14T14:30:13","date_gmt":"2018-12-14T14:30:13","guid":{"rendered":"http:\/\/www.aric.org.ro\/?page_id=1238"},"modified":"2018-12-14T14:30:13","modified_gmt":"2018-12-14T14:30:13","slug":"politica-de-confidentialitate-cu-privire-la-prelucrarea-datelor-cu-caracter-personal","status":"publish","type":"page","link":"https:\/\/aric.org.ro\/?page_id=1238","title":{"rendered":"POLITICA DE CONFIDEN\u0162IALITATE CU PRIVIRE LA PRELUCRAREA DATELOR CU CARACTER PERSONAL"},"content":{"rendered":"<p><strong>POLITICA DE CONFIDEN\u0162IALITATE CU PRIVIRE LA PRELUCRAREA DATELOR CU CARACTER PERSONAL<\/strong><\/p>\n<p>Protec\u0163ia datelor dvs. personale \u00een timpul utiliz\u0103rii site-ul nostru web (<a href=\"http:\/\/www.aric.org.ro\">www.aric.org.ro<\/a>) reprezint\u0103 pentru noi un aspect extrem de important. De aceea, v\u0103 inform\u0103m \u00een continuare \u00een detaliu cu privire la prelucrarea datelor cu caracter personal. Responsabil pentru protec\u021bia datelor cu privire la aceast\u0103 pagin\u0103 web este ASOCIATIA ROM\u0202N\u0102 A INGINERILOR CONSULTAN\u0162I (ARIC). La utilizarea \u0219i prelucrarea datelor cu caracter personal, ARIC respect\u0103 prevederile legale \u00een vigoare privind protec\u021bia datelor. Dreptul de utilizare a datelor cu caracter personal revine ARIC \u00een limitele prev\u0103zute de lege, cu respectarea drepturilor persoanelor vizate descrise \u00een continuare.<\/p>\n<p>&nbsp;<\/p>\n<ol>\n<li><strong> SECURITATEA DATELOR<\/strong><\/li>\n<\/ol>\n<p>Pentru protec\u021bia datelor dumneavoastr\u0103, ARIC.a luat m\u0103suri tehnice \u0219i organizatorice pentru a proteja aceste date \u00een special \u00eempotriva pierderii, manipul\u0103rii sau accesului neautorizat. M\u0103surile adoptate sunt verificate \u00een mod regulat \u0219i sunt adaptate constant la stadiul tehnicii. \u00a0\u00cen cazul unei \u00eenc\u0103lc\u0103ri a protec\u021biei datelor dumneavoastr\u0103 cu caracter personal, care se estimeaz\u0103 c\u0103 vor avea drept consecin\u021b\u0103 un risc major pentru drepturile \u0219i libert\u0103\u021bile dumneavoastr\u0103, v\u0103 vom notifica imediat, pe c\u00e2t posibil \u00eentr-un interval de 72 de ore.<\/p>\n<ol start=\"2\">\n<li><strong> COLECTAREA \u0218I PRELUCRAREA DATELOR CU CARACTER PERSONAL<\/strong><\/li>\n<\/ol>\n<p>2.1. Datele furnizate de dumneavoastr\u0103<\/p>\n<p>Datele cu caracter personal sunt prelucrate de noi conform prevederilor legale \u00een vigoare privind protec\u021bia datelor cu caracter personal. \u00cen cazul \u00een care coresponda\u021bi cu noi sau completa\u021bi un formular cu date pe pagina noastr\u0103 web, v\u0103 rug\u0103m s\u0103 ave\u021bi \u00een vedere faptul c\u0103 datele men\u021bionate de dumneavoastr\u0103 pe formularul respectiv vor fi prelucrate \u00een scopurile descrise \u00een continuare (a se vedea punctele 4 \u0219i 5).<\/p>\n<p>2.2. Datele colectate de noi<\/p>\n<p>Dac\u0103 vizita\u021bi pagina noastr\u0103 web, datele cu caracter personal sunt \u00eenregistrate automat cu ajutorul Cookie-urilor. Pentru mai multe informa\u021bii privind Cookie-urile utilizate pe pagina noastr\u0103 web, consulta\u021bi punctul 6\u00a0<a href=\"https:\/\/www.skoda.ro\/contact\/despre-companie\/directiva-privind-fisierele-cookie\">Cookie<\/a><u>s<\/u>.<\/p>\n<p>&nbsp;<\/p>\n<ol start=\"3\">\n<li><strong> PARTENERI\/\u00ceMPUTERNICI\u0162I<\/strong><\/li>\n<\/ol>\n<p>Datele colectate de ARIC vor putea fi comunicate urm\u0103torilor destinatari, \u00een func\u021bie de temeiul legal al comunic\u0103rii \u0219i numai \u00een cazul \u00een care este necesar:<\/p>\n<ul>\n<li>Autorit\u0103\u021bilor sau institu\u021biilor publice (de ex: dac\u0103 ARIC este obligata in virtutea unei prevederi legale sa furnizeze informatii autoritatilor sau institutiilor avand competente \u00een realizarea de inspec\u021bii \u0219i controale asupra activit\u0103\u021bii, ori instan\u0163elor de judecata)<\/li>\n<li>Furnizorilor de diverse servicii (de contabilitate, de curierat , etc)<\/li>\n<li>Firmelor care ofer\u0103 servicii de g\u0103zduire a paginii web \u015fi de \u00eentre\u021binere tehnic\u0103 a website-ului.<\/li>\n<li>Auditorilor financiari sau juridici.<\/li>\n<\/ul>\n<p>\u00cemputernici\u0163ii sunt atent selecta\u021bi \u0219i se oblig\u0103 sa asigure , prin m\u0103suri tehnice \u0219i organizatorice adecvate, prelucrarea datelor dumneavoastr\u0103 conform prevederilor legale \u00een vigoare privind protec\u021bia datelor \u0219i cu respectarea drepturilor dumneavoastr\u0103. Partenerilor le este interzis s\u0103 utilizeze datele cu caracter personal primite pentru scopuri proprii sau comerciale sau s\u0103 le transmit\u0103 ter\u021bilor, cu exceptia cazului in care tertii actioneaza pentru atingerea scopurilor prelucrarii descrise prin prezenta, caz in care aceleasi conditii privind masurile tehnice si organizatorice se aplica si acestora.<\/p>\n<p>&nbsp;<\/p>\n<ol start=\"4\">\n<li><strong> PRELUCRARI ALE DATELOR PENTRU CARE NU ESTE NECESAR CONSIM\u021aAMANTUL<\/strong><\/li>\n<\/ol>\n<p>Datele personale transmise prin intermediul formularului de contact \u00a0de pe website sau prin e-mail la adresa <a href=\"mailto:aric@aric.org.ro\">aric@aric.org.ro<\/a> vor fi prelucrate f\u0103r\u0103 a fi necesar consmi\u0163\u0103m\u00e2ntul dvs. prealabil.<\/p>\n<ul>\n<li>Formular de contact. La trimiterea formularului de contact respectiv, vor fi prelucrate datele dumneavoastr\u0103 cu caracter personal din categoriile datelor de contact pe care le furnizati pentru a primi r\u0103spunsul.<\/li>\n<li>E-mail\u00a0: la transmiterea unui e-mail catre <a href=\"mailto:aric@aric.org.ro\">aric@aric.org.ro<\/a> , vor fi prelucrate datele dumneavoastr\u0103 cu caracter personal din categoriile datelor de contact pe care le furnizati pentru a primi raspunsul.<\/li>\n<li>Scop: R\u0103spunsul la solicitarea dumneavoastr\u0103<\/li>\n<li>Temei: Interes legitim de a prelucra individual \u00eentreb\u0103rile dumneavoastr\u0103 \u0219i de a putea r\u0103spunde.<\/li>\n<li>Durata de stocare: 12 luni<\/li>\n<li>Consecintele refuzului: in situatia in care nu furnizati aceste date, nu ne veti putea contacta si nu v\u0103 vom putea furniza informatiile solicitate.<\/li>\n<\/ul>\n<p>&nbsp;<\/p>\n<ol start=\"5\">\n<li><strong> PRELUCR\u0102RI ALE DATELOR PENTRU CARE ESTE NECESAR CONSIM\u021a\u0102M\u00c2NTUL<\/strong><\/li>\n<\/ol>\n<p>&nbsp;<\/p>\n<ul>\n<li>Prin completarea formularului de pe pagina web\u00a0<a href=\"http:\/\/www.aric.org.ro\">aric.org.ro<\/a> v\u0103 puteti exprima acordul pentru colectarea \u015fi prelucrarea datelor dvs. de contact<\/li>\n<li>Scop: Trimiterea informa\u021biilor despre activitatea, serviciile \u0219i evenimentele organizate de ARIC<\/li>\n<li>Justificare: Consim\u021b\u0103m\u00e2nt<\/li>\n<li>Durata de stocare: 36 luni<\/li>\n<li>Consecintele refuzului: in situatia in care nu sunteti de acord cu aceasta prelucrare, nu veti primi informari despre activitatea ARIC<\/li>\n<\/ul>\n<p>&nbsp;<\/p>\n<ol start=\"6\">\n<li><strong> COOKIES <\/strong><\/li>\n<\/ol>\n<p>Colect\u0103m date \u00een mod automat prin utilizarea de Cookie-uri. Un Cookie este un mic fi\u0219ier text care salveaz\u0103 set\u0103rile pentru internet. Aproape fiecare pagin\u0103 web folose\u0219te aceast\u0103 tehnologie. Aceasta este desc\u0103rcat\u0103 de browser-ul dumneavoastr\u0103 de internet la prima accesare a unei pagini web. La urm\u0103toarea accesare a acestei pagini web cu acela\u0219i dispozitiv, Cookie-urile \u0219i informa\u021biile salvate sunt fie trimise \u00eenapoi la pagina web care le-a creat (First Party Cookie) sau c\u0103tre o alt\u0103 pagin\u0103 web c\u0103reia \u00eei apar\u021bin (Third Party Cookie). Astfel, pagina web recunoa\u0219te c\u0103 a\u021bi mai accesat o dat\u0103 pagina cu acest browser \u0219i variaz\u0103 \u00een unele cazuri con\u021binutul afi\u0219at.<\/p>\n<p>&nbsp;<\/p>\n<ol start=\"7\">\n<li><strong> DREPTURILE PERSOANELOR VIZATE<\/strong><\/li>\n<\/ol>\n<p>Conform Regulamentului European nr. 2016\/679 beneficiati de urm\u0103toarele drepturi:<\/p>\n<p><em>Dreptul la informare<\/em> \u2013 pute\u0163i solicita informa\u0163ii privind activit\u0103\u0163ile de prelucrare a datelor dvs. personale;<\/p>\n<p><em>Dreptul de acces<\/em> \u2013 puteti solicita o copie a datelor personale prelucrate\u00a0;<\/p>\n<p><em>Dreptul la rectificare<\/em> \u2013 pute\u0163i rectifica datele personale inexacte sau le pute\u0163i completa;<\/p>\n<p><em>Dreptul la stergerea datelor<\/em> (&#8220;dreptul de a fi uitat&#8221;) \u2013 pute\u0163i ob\u0163ine stergerea datelor, \u00een cazul \u00een care prelucrarea acestora nu a fost legal\u0103 sau \u00een alte cazuri prevazute de lege;<\/p>\n<p><em>Dreptul la restric\u0163ionarea prelucr\u0103rii<\/em> &#8211; pute\u0163i solicita restric\u0163ionarea prelucr\u0103rii \u00een cazul \u00een care contestati exactitatea datelor, precum \u015fi \u00een alte cazuri prev\u0103zute de lege;<\/p>\n<p><em>Dreptul de opozi\u0163ie<\/em> \u2013 pute\u0163i s\u0103 va opune\u0163i, \u00een special, prelucr\u0103rilor de date care se \u00eentemeiaz\u0103 pe interesul nostru legitim;<\/p>\n<p><em>Dreptul la portabilitatea datelor<\/em> &#8211; pute\u0163i primi, \u00een anumite condi\u0163ii, datele personale pe care ni le-a\u0163i furnizat, \u00eentr-un format care poate fi citit automat sau pute\u0163i solicita ca respectivele date s\u0103 fie transmise altui operator;<\/p>\n<p><em>Dreptul de a depune pl\u00e2ngere<\/em> &#8211; pute\u0163i depune pl\u00e2ngere fa\u0163\u0103 de modalitatea de prelucrare a datelor personale la Autoritatea Na\u0163ional\u0103 de Supraveghere a Prelucr\u0103rii Datelor cu Caracter Personal (<a href=\"mailto:anspdcp@dataprotection.ro\">anspdcp@dataprotection.ro<\/a> );<\/p>\n<p><em>Dreptul de retragere a consim\u0163\u0103mantului <\/em>\u2013 \u00een cazurile \u00een care prelucrarea se \u00eentemeiaza pe consim\u0163\u0103m\u00e2ntul dvs, vi-l pute\u0163i retrage oric\u00e2nd. Retragerea consim\u0163\u0103mantului va avea efecte doar pentru viitor, prelucrarea efectuat\u0103 anterior retragerii r\u0103m\u00e2n\u00e2nd \u00een <em>continuare valabil\u0103;<\/em><\/p>\n<p><em>Drepturi suplimentare <\/em>aferente deciziilor automate: pute\u0163i cere \u015fi ob\u0163ine interven\u0163ia umana cu privire la respectiva prelucrare, v\u0103 pute\u0163i exprima propriul punct de vedere cu privire la aceasta \u015fi pute\u0163i contesta decizia.<\/p>\n<p>V\u0103 pute\u0163i exercita aceste drepturi, prin transmiterea unei solicitari la sediul nostru din Bucuresti, Bd. Iancu de Hunedoara 48, cladirea Crystal Tower, etaj 13, sector 5 sau pe adresa de e-mail <a href=\"mailto:protectiadatelor@aric.org.ro\">protectiadatelor@aric.org.ro<\/a>.<\/p>\n<p>&nbsp;<\/p>\n","protected":false},"excerpt":{"rendered":"<p>POLITICA DE CONFIDEN\u0162IALITATE CU PRIVIRE LA PRELUCRAREA DATELOR CU CARACTER PERSONAL Protec\u0163ia datelor dvs. personale \u00een timpul utiliz\u0103rii site-ul nostru web (www.aric.org.ro) reprezint\u0103 pentru noi un aspect extrem de important. De aceea, v\u0103 inform\u0103m&#46;&#46;&#46;<\/p>\n","protected":false},"author":1,"featured_media":0,"parent":0,"menu_order":0,"comment_status":"closed","ping_status":"closed","template":"","meta":{"_bbp_topic_count":0,"_bbp_reply_count":0,"_bbp_total_topic_count":0,"_bbp_total_reply_count":0,"_bbp_voice_count":0,"_bbp_anonymous_reply_count":0,"_bbp_topic_count_hidden":0,"_bbp_reply_count_hidden":0,"_bbp_forum_subforum_count":0},"_links":{"self":[{"href":"https:\/\/aric.org.ro\/index.php?rest_route=\/wp\/v2\/pages\/1238"}],"collection":[{"href":"https:\/\/aric.org.ro\/index.php?rest_route=\/wp\/v2\/pages"}],"about":[{"href":"https:\/\/aric.org.ro\/index.php?rest_route=\/wp\/v2\/types\/page"}],"author":[{"embeddable":true,"href":"https:\/\/aric.org.ro\/index.php?rest_route=\/wp\/v2\/users\/1"}],"replies":[{"embeddable":true,"href":"https:\/\/aric.org.ro\/index.php?rest_route=%2Fwp%2Fv2%2Fcomments&post=1238"}],"version-history":[{"count":1,"href":"https:\/\/aric.org.ro\/index.php?rest_route=\/wp\/v2\/pages\/1238\/revisions"}],"predecessor-version":[{"id":1239,"href":"https:\/\/aric.org.ro\/index.php?rest_route=\/wp\/v2\/pages\/1238\/revisions\/1239"}],"wp:attachment":[{"href":"https:\/\/aric.org.ro\/index.php?rest_route=%2Fwp%2Fv2%2Fmedia&parent=1238"}],"curies":[{"name":"wp","href":"https:\/\/api.w.org\/{rel}","templated":true}]}}